{"id":64,"date":"2023-09-12T09:20:16","date_gmt":"2023-09-12T07:20:16","guid":{"rendered":"http:\/\/magritte.local\/?page_id=64"},"modified":"2025-02-18T14:02:21","modified_gmt":"2025-02-18T13:02:21","slug":"accueil","status":"publish","type":"page","link":"https:\/\/www.picturae.be\/residence-magritte-sart-tilman\/","title":{"rendered":"Accueil"},"content":{"rendered":"","protected":false},"excerpt":{"rendered":"","protected":false},"author":1,"featured_media":0,"parent":0,"menu_order":0,"comment_status":"closed","ping_status":"closed","template":"template-pages\/home.php","meta":{"_acf_changed":false,"inline_featured_image":false,"footnotes":""},"class_list":["post-64","page","type-page","status-publish","hentry"],"acf":[],"yoast_head":"<!-- This site is optimized with the Yoast SEO plugin v27.4 - https:\/\/yoast.com\/product\/yoast-seo-wordpress\/ -->\n<title>R\u00e9sidence Magritte Li\u00e8ge | Appartements \u00e0 vendre Sart-Tilman<\/title>\n<meta name=\"description\" content=\"La r\u00e9sidence Magritte propose des appartements \u00e0 vendre au Sart-Tilman, situ\u00e9s au c\u0153ur du domaine du Pr\u00e9 Aily, vous offre une parfaite combinaison entre vie citadine et vie \u00e0 la campagne. - Ensemble immobilier \u00e0 proximit\u00e9 de la ville de Li\u00e8ge entre la vie \u00e0 la ville et \u00e0 la campagne - Picturae - Quartier r\u00e9sidentiel totalement neuf.\" \/>\n<meta name=\"robots\" content=\"index, follow, max-snippet:-1, max-image-preview:large, max-video-preview:-1\" \/>\n<link rel=\"canonical\" href=\"https:\/\/www.picturae.be\/residence-magritte-sart-tilman\/\" \/>\n<meta property=\"og:locale\" content=\"fr_FR\" \/>\n<meta property=\"og:type\" content=\"article\" \/>\n<meta property=\"og:title\" content=\"R\u00e9sidence Magritte Li\u00e8ge | Appartements \u00e0 vendre Sart-Tilman\" \/>\n<meta property=\"og:description\" content=\"La r\u00e9sidence Magritte propose des appartements \u00e0 vendre au Sart-Tilman, situ\u00e9s au c\u0153ur du domaine du Pr\u00e9 Aily, vous offre une parfaite combinaison entre vie citadine et vie \u00e0 la campagne. - Ensemble immobilier \u00e0 proximit\u00e9 de la ville de Li\u00e8ge entre la vie \u00e0 la ville et \u00e0 la campagne - Picturae - Quartier r\u00e9sidentiel totalement neuf.\" \/>\n<meta property=\"og:url\" content=\"https:\/\/www.picturae.be\/residence-magritte-sart-tilman\/\" \/>\n<meta property=\"og:site_name\" content=\"R\u00e9sidence Magritte Li\u00e8ge\" \/>\n<meta property=\"article:modified_time\" content=\"2025-02-18T13:02:21+00:00\" \/>\n<meta name=\"twitter:card\" content=\"summary_large_image\" \/>\n<meta name=\"twitter:label1\" content=\"Dur\u00e9e de lecture estim\u00e9e\" \/>\n\t<meta name=\"twitter:data1\" content=\"1 minute\" \/>\n<script type=\"application\/ld+json\" class=\"yoast-schema-graph\">{\"@context\":\"https:\\\/\\\/schema.org\",\"@graph\":[{\"@type\":\"WebPage\",\"@id\":\"https:\\\/\\\/www.picturae.be\\\/residence-magritte-sart-tilman\\\/\",\"url\":\"https:\\\/\\\/www.picturae.be\\\/residence-magritte-sart-tilman\\\/\",\"name\":\"R\u00e9sidence Magritte Li\u00e8ge | Appartements \u00e0 vendre Sart-Tilman\",\"isPartOf\":{\"@id\":\"https:\\\/\\\/www.picturae.be\\\/residence-magritte-sart-tilman\\\/#website\"},\"datePublished\":\"2023-09-12T07:20:16+00:00\",\"dateModified\":\"2025-02-18T13:02:21+00:00\",\"description\":\"La r\u00e9sidence Magritte propose des appartements \u00e0 vendre au Sart-Tilman, situ\u00e9s au c\u0153ur du domaine du Pr\u00e9 Aily, vous offre une parfaite combinaison entre vie citadine et vie \u00e0 la campagne. - Ensemble immobilier \u00e0 proximit\u00e9 de la ville de Li\u00e8ge entre la vie \u00e0 la ville et \u00e0 la campagne - Picturae - Quartier r\u00e9sidentiel totalement neuf.\",\"breadcrumb\":{\"@id\":\"https:\\\/\\\/www.picturae.be\\\/residence-magritte-sart-tilman\\\/#breadcrumb\"},\"inLanguage\":\"fr-FR\",\"potentialAction\":[{\"@type\":\"ReadAction\",\"target\":[\"https:\\\/\\\/www.picturae.be\\\/residence-magritte-sart-tilman\\\/\"]}]},{\"@type\":\"BreadcrumbList\",\"@id\":\"https:\\\/\\\/www.picturae.be\\\/residence-magritte-sart-tilman\\\/#breadcrumb\",\"itemListElement\":[{\"@type\":\"ListItem\",\"position\":1,\"name\":\"Home\",\"item\":\"https:\\\/\\\/www.picturae.be\\\/residence-magritte-sart-tilman\\\/\"},{\"@type\":\"ListItem\",\"position\":2,\"name\":\"Accueil\"}]},{\"@type\":\"WebSite\",\"@id\":\"https:\\\/\\\/www.picturae.be\\\/residence-magritte-sart-tilman\\\/#website\",\"url\":\"https:\\\/\\\/www.picturae.be\\\/residence-magritte-sart-tilman\\\/\",\"name\":\"R\u00e9sidence Magritte Li\u00e8ge\",\"description\":\"\",\"potentialAction\":[{\"@type\":\"SearchAction\",\"target\":{\"@type\":\"EntryPoint\",\"urlTemplate\":\"https:\\\/\\\/www.picturae.be\\\/residence-magritte-sart-tilman\\\/?s={search_term_string}\"},\"query-input\":{\"@type\":\"PropertyValueSpecification\",\"valueRequired\":true,\"valueName\":\"search_term_string\"}}],\"inLanguage\":\"fr-FR\"}]}<\/script>\n<!-- \/ Yoast SEO plugin. -->","yoast_head_json":{"title":"R\u00e9sidence Magritte Li\u00e8ge | Appartements \u00e0 vendre Sart-Tilman","description":"La r\u00e9sidence Magritte propose des appartements \u00e0 vendre au Sart-Tilman, situ\u00e9s au c\u0153ur du domaine du Pr\u00e9 Aily, vous offre une parfaite combinaison entre vie citadine et vie \u00e0 la campagne. - Ensemble immobilier \u00e0 proximit\u00e9 de la ville de Li\u00e8ge entre la vie \u00e0 la ville et \u00e0 la campagne - Picturae - Quartier r\u00e9sidentiel totalement neuf.","robots":{"index":"index","follow":"follow","max-snippet":"max-snippet:-1","max-image-preview":"max-image-preview:large","max-video-preview":"max-video-preview:-1"},"canonical":"https:\/\/www.picturae.be\/residence-magritte-sart-tilman\/","og_locale":"fr_FR","og_type":"article","og_title":"R\u00e9sidence Magritte Li\u00e8ge | Appartements \u00e0 vendre Sart-Tilman","og_description":"La r\u00e9sidence Magritte propose des appartements \u00e0 vendre au Sart-Tilman, situ\u00e9s au c\u0153ur du domaine du Pr\u00e9 Aily, vous offre une parfaite combinaison entre vie citadine et vie \u00e0 la campagne. - Ensemble immobilier \u00e0 proximit\u00e9 de la ville de Li\u00e8ge entre la vie \u00e0 la ville et \u00e0 la campagne - Picturae - Quartier r\u00e9sidentiel totalement neuf.","og_url":"https:\/\/www.picturae.be\/residence-magritte-sart-tilman\/","og_site_name":"R\u00e9sidence Magritte Li\u00e8ge","article_modified_time":"2025-02-18T13:02:21+00:00","twitter_card":"summary_large_image","twitter_misc":{"Dur\u00e9e de lecture estim\u00e9e":"1 minute"},"schema":{"@context":"https:\/\/schema.org","@graph":[{"@type":"WebPage","@id":"https:\/\/www.picturae.be\/residence-magritte-sart-tilman\/","url":"https:\/\/www.picturae.be\/residence-magritte-sart-tilman\/","name":"R\u00e9sidence Magritte Li\u00e8ge | Appartements \u00e0 vendre Sart-Tilman","isPartOf":{"@id":"https:\/\/www.picturae.be\/residence-magritte-sart-tilman\/#website"},"datePublished":"2023-09-12T07:20:16+00:00","dateModified":"2025-02-18T13:02:21+00:00","description":"La r\u00e9sidence Magritte propose des appartements \u00e0 vendre au Sart-Tilman, situ\u00e9s au c\u0153ur du domaine du Pr\u00e9 Aily, vous offre une parfaite combinaison entre vie citadine et vie \u00e0 la campagne. - Ensemble immobilier \u00e0 proximit\u00e9 de la ville de Li\u00e8ge entre la vie \u00e0 la ville et \u00e0 la campagne - Picturae - Quartier r\u00e9sidentiel totalement neuf.","breadcrumb":{"@id":"https:\/\/www.picturae.be\/residence-magritte-sart-tilman\/#breadcrumb"},"inLanguage":"fr-FR","potentialAction":[{"@type":"ReadAction","target":["https:\/\/www.picturae.be\/residence-magritte-sart-tilman\/"]}]},{"@type":"BreadcrumbList","@id":"https:\/\/www.picturae.be\/residence-magritte-sart-tilman\/#breadcrumb","itemListElement":[{"@type":"ListItem","position":1,"name":"Home","item":"https:\/\/www.picturae.be\/residence-magritte-sart-tilman\/"},{"@type":"ListItem","position":2,"name":"Accueil"}]},{"@type":"WebSite","@id":"https:\/\/www.picturae.be\/residence-magritte-sart-tilman\/#website","url":"https:\/\/www.picturae.be\/residence-magritte-sart-tilman\/","name":"R\u00e9sidence Magritte Li\u00e8ge","description":"","potentialAction":[{"@type":"SearchAction","target":{"@type":"EntryPoint","urlTemplate":"https:\/\/www.picturae.be\/residence-magritte-sart-tilman\/?s={search_term_string}"},"query-input":{"@type":"PropertyValueSpecification","valueRequired":true,"valueName":"search_term_string"}}],"inLanguage":"fr-FR"}]}},"_links":{"self":[{"href":"https:\/\/www.picturae.be\/residence-magritte-sart-tilman\/wp-json\/wp\/v2\/pages\/64","targetHints":{"allow":["GET"]}}],"collection":[{"href":"https:\/\/www.picturae.be\/residence-magritte-sart-tilman\/wp-json\/wp\/v2\/pages"}],"about":[{"href":"https:\/\/www.picturae.be\/residence-magritte-sart-tilman\/wp-json\/wp\/v2\/types\/page"}],"author":[{"embeddable":true,"href":"https:\/\/www.picturae.be\/residence-magritte-sart-tilman\/wp-json\/wp\/v2\/users\/1"}],"replies":[{"embeddable":true,"href":"https:\/\/www.picturae.be\/residence-magritte-sart-tilman\/wp-json\/wp\/v2\/comments?post=64"}],"version-history":[{"count":34,"href":"https:\/\/www.picturae.be\/residence-magritte-sart-tilman\/wp-json\/wp\/v2\/pages\/64\/revisions"}],"predecessor-version":[{"id":661,"href":"https:\/\/www.picturae.be\/residence-magritte-sart-tilman\/wp-json\/wp\/v2\/pages\/64\/revisions\/661"}],"wp:attachment":[{"href":"https:\/\/www.picturae.be\/residence-magritte-sart-tilman\/wp-json\/wp\/v2\/media?parent=64"}],"curies":[{"name":"wp","href":"https:\/\/api.w.org\/{rel}","templated":true}]}}