{"id":25,"date":"2023-09-11T13:05:38","date_gmt":"2023-09-11T11:05:38","guid":{"rendered":"http:\/\/magritte.local\/?page_id=25"},"modified":"2023-11-30T11:13:01","modified_gmt":"2023-11-30T10:13:01","slug":"avantages","status":"publish","type":"page","link":"https:\/\/www.picturae.be\/residence-magritte-sart-tilman\/avantages\/","title":{"rendered":"Avantages"},"content":{"rendered":"","protected":false},"excerpt":{"rendered":"","protected":false},"author":1,"featured_media":0,"parent":0,"menu_order":0,"comment_status":"closed","ping_status":"closed","template":"template-pages\/avantages.php","meta":{"_acf_changed":false,"inline_featured_image":false,"footnotes":""},"class_list":["post-25","page","type-page","status-publish","hentry"],"acf":[],"yoast_head":"<!-- This site is optimized with the Yoast SEO plugin v27.3 - https:\/\/yoast.com\/product\/yoast-seo-wordpress\/ -->\n<title>Avantages | R\u00e9sidence Magritte Li\u00e8ge | Appartements \u00e0 vendre Sart-Tilman<\/title>\n<meta name=\"description\" content=\"B\u00e2tis en plein c\u0153ur des bois du Sart-Tilman, la r\u00e9sidence Magritte et ses appartements jouissent d\u2019un environnement calme et au vert. Les appartements du rez-de-chauss\u00e9e profitent chacun d\u2019un magnifique jardin\u2026\" \/>\n<meta name=\"robots\" content=\"index, follow, max-snippet:-1, max-image-preview:large, max-video-preview:-1\" \/>\n<link rel=\"canonical\" href=\"https:\/\/www.picturae.be\/residence-magritte-sart-tilman\/avantages\/\" \/>\n<meta property=\"og:locale\" content=\"fr_FR\" \/>\n<meta property=\"og:type\" content=\"article\" \/>\n<meta property=\"og:title\" content=\"Avantages | R\u00e9sidence Magritte Li\u00e8ge | Appartements \u00e0 vendre Sart-Tilman\" \/>\n<meta property=\"og:description\" content=\"B\u00e2tis en plein c\u0153ur des bois du Sart-Tilman, la r\u00e9sidence Magritte et ses appartements jouissent d\u2019un environnement calme et au vert. Les appartements du rez-de-chauss\u00e9e profitent chacun d\u2019un magnifique jardin\u2026\" \/>\n<meta property=\"og:url\" content=\"https:\/\/www.picturae.be\/residence-magritte-sart-tilman\/avantages\/\" \/>\n<meta property=\"og:site_name\" content=\"R\u00e9sidence Magritte Li\u00e8ge\" \/>\n<meta property=\"article:modified_time\" content=\"2023-11-30T10:13:01+00:00\" \/>\n<meta name=\"twitter:card\" content=\"summary_large_image\" \/>\n<script type=\"application\/ld+json\" class=\"yoast-schema-graph\">{\"@context\":\"https:\\\/\\\/schema.org\",\"@graph\":[{\"@type\":\"WebPage\",\"@id\":\"https:\\\/\\\/www.picturae.be\\\/residence-magritte-sart-tilman\\\/avantages\\\/\",\"url\":\"https:\\\/\\\/www.picturae.be\\\/residence-magritte-sart-tilman\\\/avantages\\\/\",\"name\":\"Avantages | R\u00e9sidence Magritte Li\u00e8ge | Appartements \u00e0 vendre Sart-Tilman\",\"isPartOf\":{\"@id\":\"https:\\\/\\\/www.picturae.be\\\/residence-magritte-sart-tilman\\\/#website\"},\"datePublished\":\"2023-09-11T11:05:38+00:00\",\"dateModified\":\"2023-11-30T10:13:01+00:00\",\"description\":\"B\u00e2tis en plein c\u0153ur des bois du Sart-Tilman, la r\u00e9sidence Magritte et ses appartements jouissent d\u2019un environnement calme et au vert. Les appartements du rez-de-chauss\u00e9e profitent chacun d\u2019un magnifique jardin\u2026\",\"breadcrumb\":{\"@id\":\"https:\\\/\\\/www.picturae.be\\\/residence-magritte-sart-tilman\\\/avantages\\\/#breadcrumb\"},\"inLanguage\":\"fr-FR\",\"potentialAction\":[{\"@type\":\"ReadAction\",\"target\":[\"https:\\\/\\\/www.picturae.be\\\/residence-magritte-sart-tilman\\\/avantages\\\/\"]}]},{\"@type\":\"BreadcrumbList\",\"@id\":\"https:\\\/\\\/www.picturae.be\\\/residence-magritte-sart-tilman\\\/avantages\\\/#breadcrumb\",\"itemListElement\":[{\"@type\":\"ListItem\",\"position\":1,\"name\":\"Home\",\"item\":\"https:\\\/\\\/www.picturae.be\\\/residence-magritte-sart-tilman\\\/\"},{\"@type\":\"ListItem\",\"position\":2,\"name\":\"Avantages\"}]},{\"@type\":\"WebSite\",\"@id\":\"https:\\\/\\\/www.picturae.be\\\/residence-magritte-sart-tilman\\\/#website\",\"url\":\"https:\\\/\\\/www.picturae.be\\\/residence-magritte-sart-tilman\\\/\",\"name\":\"R\u00e9sidence Magritte Li\u00e8ge\",\"description\":\"\",\"potentialAction\":[{\"@type\":\"SearchAction\",\"target\":{\"@type\":\"EntryPoint\",\"urlTemplate\":\"https:\\\/\\\/www.picturae.be\\\/residence-magritte-sart-tilman\\\/?s={search_term_string}\"},\"query-input\":{\"@type\":\"PropertyValueSpecification\",\"valueRequired\":true,\"valueName\":\"search_term_string\"}}],\"inLanguage\":\"fr-FR\"}]}<\/script>\n<!-- \/ Yoast SEO plugin. -->","yoast_head_json":{"title":"Avantages | R\u00e9sidence Magritte Li\u00e8ge | Appartements \u00e0 vendre Sart-Tilman","description":"B\u00e2tis en plein c\u0153ur des bois du Sart-Tilman, la r\u00e9sidence Magritte et ses appartements jouissent d\u2019un environnement calme et au vert. Les appartements du rez-de-chauss\u00e9e profitent chacun d\u2019un magnifique jardin\u2026","robots":{"index":"index","follow":"follow","max-snippet":"max-snippet:-1","max-image-preview":"max-image-preview:large","max-video-preview":"max-video-preview:-1"},"canonical":"https:\/\/www.picturae.be\/residence-magritte-sart-tilman\/avantages\/","og_locale":"fr_FR","og_type":"article","og_title":"Avantages | R\u00e9sidence Magritte Li\u00e8ge | Appartements \u00e0 vendre Sart-Tilman","og_description":"B\u00e2tis en plein c\u0153ur des bois du Sart-Tilman, la r\u00e9sidence Magritte et ses appartements jouissent d\u2019un environnement calme et au vert. Les appartements du rez-de-chauss\u00e9e profitent chacun d\u2019un magnifique jardin\u2026","og_url":"https:\/\/www.picturae.be\/residence-magritte-sart-tilman\/avantages\/","og_site_name":"R\u00e9sidence Magritte Li\u00e8ge","article_modified_time":"2023-11-30T10:13:01+00:00","twitter_card":"summary_large_image","schema":{"@context":"https:\/\/schema.org","@graph":[{"@type":"WebPage","@id":"https:\/\/www.picturae.be\/residence-magritte-sart-tilman\/avantages\/","url":"https:\/\/www.picturae.be\/residence-magritte-sart-tilman\/avantages\/","name":"Avantages | R\u00e9sidence Magritte Li\u00e8ge | Appartements \u00e0 vendre Sart-Tilman","isPartOf":{"@id":"https:\/\/www.picturae.be\/residence-magritte-sart-tilman\/#website"},"datePublished":"2023-09-11T11:05:38+00:00","dateModified":"2023-11-30T10:13:01+00:00","description":"B\u00e2tis en plein c\u0153ur des bois du Sart-Tilman, la r\u00e9sidence Magritte et ses appartements jouissent d\u2019un environnement calme et au vert. Les appartements du rez-de-chauss\u00e9e profitent chacun d\u2019un magnifique jardin\u2026","breadcrumb":{"@id":"https:\/\/www.picturae.be\/residence-magritte-sart-tilman\/avantages\/#breadcrumb"},"inLanguage":"fr-FR","potentialAction":[{"@type":"ReadAction","target":["https:\/\/www.picturae.be\/residence-magritte-sart-tilman\/avantages\/"]}]},{"@type":"BreadcrumbList","@id":"https:\/\/www.picturae.be\/residence-magritte-sart-tilman\/avantages\/#breadcrumb","itemListElement":[{"@type":"ListItem","position":1,"name":"Home","item":"https:\/\/www.picturae.be\/residence-magritte-sart-tilman\/"},{"@type":"ListItem","position":2,"name":"Avantages"}]},{"@type":"WebSite","@id":"https:\/\/www.picturae.be\/residence-magritte-sart-tilman\/#website","url":"https:\/\/www.picturae.be\/residence-magritte-sart-tilman\/","name":"R\u00e9sidence Magritte Li\u00e8ge","description":"","potentialAction":[{"@type":"SearchAction","target":{"@type":"EntryPoint","urlTemplate":"https:\/\/www.picturae.be\/residence-magritte-sart-tilman\/?s={search_term_string}"},"query-input":{"@type":"PropertyValueSpecification","valueRequired":true,"valueName":"search_term_string"}}],"inLanguage":"fr-FR"}]}},"_links":{"self":[{"href":"https:\/\/www.picturae.be\/residence-magritte-sart-tilman\/wp-json\/wp\/v2\/pages\/25","targetHints":{"allow":["GET"]}}],"collection":[{"href":"https:\/\/www.picturae.be\/residence-magritte-sart-tilman\/wp-json\/wp\/v2\/pages"}],"about":[{"href":"https:\/\/www.picturae.be\/residence-magritte-sart-tilman\/wp-json\/wp\/v2\/types\/page"}],"author":[{"embeddable":true,"href":"https:\/\/www.picturae.be\/residence-magritte-sart-tilman\/wp-json\/wp\/v2\/users\/1"}],"replies":[{"embeddable":true,"href":"https:\/\/www.picturae.be\/residence-magritte-sart-tilman\/wp-json\/wp\/v2\/comments?post=25"}],"version-history":[{"count":3,"href":"https:\/\/www.picturae.be\/residence-magritte-sart-tilman\/wp-json\/wp\/v2\/pages\/25\/revisions"}],"predecessor-version":[{"id":212,"href":"https:\/\/www.picturae.be\/residence-magritte-sart-tilman\/wp-json\/wp\/v2\/pages\/25\/revisions\/212"}],"wp:attachment":[{"href":"https:\/\/www.picturae.be\/residence-magritte-sart-tilman\/wp-json\/wp\/v2\/media?parent=25"}],"curies":[{"name":"wp","href":"https:\/\/api.w.org\/{rel}","templated":true}]}}