{"id":23,"date":"2023-09-11T13:05:32","date_gmt":"2023-09-11T11:05:32","guid":{"rendered":"http:\/\/magritte.local\/?page_id=23"},"modified":"2024-10-10T14:45:31","modified_gmt":"2024-10-10T12:45:31","slug":"investisseurs","status":"publish","type":"page","link":"https:\/\/www.picturae.be\/residence-magritte-sart-tilman\/investisseurs\/","title":{"rendered":"Investisseurs"},"content":{"rendered":"","protected":false},"excerpt":{"rendered":"","protected":false},"author":1,"featured_media":0,"parent":0,"menu_order":0,"comment_status":"closed","ping_status":"closed","template":"template-pages\/investisseurs.php","meta":{"_acf_changed":false,"inline_featured_image":false,"footnotes":""},"class_list":["post-23","page","type-page","status-publish","hentry"],"acf":[],"yoast_head":"<!-- This site is optimized with the Yoast SEO plugin v27.4 - https:\/\/yoast.com\/product\/yoast-seo-wordpress\/ -->\n<title>Investissez \u00e0 Li\u00e8ge - R\u00e9sidence Magritte Sart Tilman<\/title>\n<meta name=\"description\" content=\"Investir \u00e0 Li\u00e8ge avec la R\u00e9sidence Magritte : emplacement strat\u00e9gique, forte demande locative et excellent potentiel de rendement. Saisissez cette opportunit\u00e9 !\" \/>\n<meta name=\"robots\" content=\"index, follow, max-snippet:-1, max-image-preview:large, max-video-preview:-1\" \/>\n<link rel=\"canonical\" href=\"https:\/\/www.picturae.be\/residence-magritte-sart-tilman\/investisseurs\/\" \/>\n<meta property=\"og:locale\" content=\"fr_FR\" \/>\n<meta property=\"og:type\" content=\"article\" \/>\n<meta property=\"og:title\" content=\"Investissez \u00e0 Li\u00e8ge - R\u00e9sidence Magritte Sart Tilman\" \/>\n<meta property=\"og:description\" content=\"Investir \u00e0 Li\u00e8ge avec la R\u00e9sidence Magritte : emplacement strat\u00e9gique, forte demande locative et excellent potentiel de rendement. Saisissez cette opportunit\u00e9 !\" \/>\n<meta property=\"og:url\" content=\"https:\/\/www.picturae.be\/residence-magritte-sart-tilman\/investisseurs\/\" \/>\n<meta property=\"og:site_name\" content=\"R\u00e9sidence Magritte Li\u00e8ge\" \/>\n<meta property=\"article:modified_time\" content=\"2024-10-10T12:45:31+00:00\" \/>\n<meta name=\"twitter:card\" content=\"summary_large_image\" \/>\n<meta name=\"twitter:label1\" content=\"Dur\u00e9e de lecture estim\u00e9e\" \/>\n\t<meta name=\"twitter:data1\" content=\"3 minutes\" \/>\n<script type=\"application\/ld+json\" class=\"yoast-schema-graph\">{\"@context\":\"https:\\\/\\\/schema.org\",\"@graph\":[{\"@type\":\"WebPage\",\"@id\":\"https:\\\/\\\/www.picturae.be\\\/residence-magritte-sart-tilman\\\/investisseurs\\\/\",\"url\":\"https:\\\/\\\/www.picturae.be\\\/residence-magritte-sart-tilman\\\/investisseurs\\\/\",\"name\":\"Investissez \u00e0 Li\u00e8ge - R\u00e9sidence Magritte Sart Tilman\",\"isPartOf\":{\"@id\":\"https:\\\/\\\/www.picturae.be\\\/residence-magritte-sart-tilman\\\/#website\"},\"datePublished\":\"2023-09-11T11:05:32+00:00\",\"dateModified\":\"2024-10-10T12:45:31+00:00\",\"description\":\"Investir \u00e0 Li\u00e8ge avec la R\u00e9sidence Magritte : emplacement strat\u00e9gique, forte demande locative et excellent potentiel de rendement. Saisissez cette opportunit\u00e9 !\",\"breadcrumb\":{\"@id\":\"https:\\\/\\\/www.picturae.be\\\/residence-magritte-sart-tilman\\\/investisseurs\\\/#breadcrumb\"},\"inLanguage\":\"fr-FR\",\"potentialAction\":[{\"@type\":\"ReadAction\",\"target\":[\"https:\\\/\\\/www.picturae.be\\\/residence-magritte-sart-tilman\\\/investisseurs\\\/\"]}]},{\"@type\":\"BreadcrumbList\",\"@id\":\"https:\\\/\\\/www.picturae.be\\\/residence-magritte-sart-tilman\\\/investisseurs\\\/#breadcrumb\",\"itemListElement\":[{\"@type\":\"ListItem\",\"position\":1,\"name\":\"Home\",\"item\":\"https:\\\/\\\/www.picturae.be\\\/residence-magritte-sart-tilman\\\/\"},{\"@type\":\"ListItem\",\"position\":2,\"name\":\"Investisseurs\"}]},{\"@type\":\"WebSite\",\"@id\":\"https:\\\/\\\/www.picturae.be\\\/residence-magritte-sart-tilman\\\/#website\",\"url\":\"https:\\\/\\\/www.picturae.be\\\/residence-magritte-sart-tilman\\\/\",\"name\":\"R\u00e9sidence Magritte Li\u00e8ge\",\"description\":\"\",\"potentialAction\":[{\"@type\":\"SearchAction\",\"target\":{\"@type\":\"EntryPoint\",\"urlTemplate\":\"https:\\\/\\\/www.picturae.be\\\/residence-magritte-sart-tilman\\\/?s={search_term_string}\"},\"query-input\":{\"@type\":\"PropertyValueSpecification\",\"valueRequired\":true,\"valueName\":\"search_term_string\"}}],\"inLanguage\":\"fr-FR\"}]}<\/script>\n<!-- \/ Yoast SEO plugin. -->","yoast_head_json":{"title":"Investissez \u00e0 Li\u00e8ge - R\u00e9sidence Magritte Sart Tilman","description":"Investir \u00e0 Li\u00e8ge avec la R\u00e9sidence Magritte : emplacement strat\u00e9gique, forte demande locative et excellent potentiel de rendement. Saisissez cette opportunit\u00e9 !","robots":{"index":"index","follow":"follow","max-snippet":"max-snippet:-1","max-image-preview":"max-image-preview:large","max-video-preview":"max-video-preview:-1"},"canonical":"https:\/\/www.picturae.be\/residence-magritte-sart-tilman\/investisseurs\/","og_locale":"fr_FR","og_type":"article","og_title":"Investissez \u00e0 Li\u00e8ge - R\u00e9sidence Magritte Sart Tilman","og_description":"Investir \u00e0 Li\u00e8ge avec la R\u00e9sidence Magritte : emplacement strat\u00e9gique, forte demande locative et excellent potentiel de rendement. Saisissez cette opportunit\u00e9 !","og_url":"https:\/\/www.picturae.be\/residence-magritte-sart-tilman\/investisseurs\/","og_site_name":"R\u00e9sidence Magritte Li\u00e8ge","article_modified_time":"2024-10-10T12:45:31+00:00","twitter_card":"summary_large_image","twitter_misc":{"Dur\u00e9e de lecture estim\u00e9e":"3 minutes"},"schema":{"@context":"https:\/\/schema.org","@graph":[{"@type":"WebPage","@id":"https:\/\/www.picturae.be\/residence-magritte-sart-tilman\/investisseurs\/","url":"https:\/\/www.picturae.be\/residence-magritte-sart-tilman\/investisseurs\/","name":"Investissez \u00e0 Li\u00e8ge - R\u00e9sidence Magritte Sart Tilman","isPartOf":{"@id":"https:\/\/www.picturae.be\/residence-magritte-sart-tilman\/#website"},"datePublished":"2023-09-11T11:05:32+00:00","dateModified":"2024-10-10T12:45:31+00:00","description":"Investir \u00e0 Li\u00e8ge avec la R\u00e9sidence Magritte : emplacement strat\u00e9gique, forte demande locative et excellent potentiel de rendement. Saisissez cette opportunit\u00e9 !","breadcrumb":{"@id":"https:\/\/www.picturae.be\/residence-magritte-sart-tilman\/investisseurs\/#breadcrumb"},"inLanguage":"fr-FR","potentialAction":[{"@type":"ReadAction","target":["https:\/\/www.picturae.be\/residence-magritte-sart-tilman\/investisseurs\/"]}]},{"@type":"BreadcrumbList","@id":"https:\/\/www.picturae.be\/residence-magritte-sart-tilman\/investisseurs\/#breadcrumb","itemListElement":[{"@type":"ListItem","position":1,"name":"Home","item":"https:\/\/www.picturae.be\/residence-magritte-sart-tilman\/"},{"@type":"ListItem","position":2,"name":"Investisseurs"}]},{"@type":"WebSite","@id":"https:\/\/www.picturae.be\/residence-magritte-sart-tilman\/#website","url":"https:\/\/www.picturae.be\/residence-magritte-sart-tilman\/","name":"R\u00e9sidence Magritte Li\u00e8ge","description":"","potentialAction":[{"@type":"SearchAction","target":{"@type":"EntryPoint","urlTemplate":"https:\/\/www.picturae.be\/residence-magritte-sart-tilman\/?s={search_term_string}"},"query-input":{"@type":"PropertyValueSpecification","valueRequired":true,"valueName":"search_term_string"}}],"inLanguage":"fr-FR"}]}},"_links":{"self":[{"href":"https:\/\/www.picturae.be\/residence-magritte-sart-tilman\/wp-json\/wp\/v2\/pages\/23","targetHints":{"allow":["GET"]}}],"collection":[{"href":"https:\/\/www.picturae.be\/residence-magritte-sart-tilman\/wp-json\/wp\/v2\/pages"}],"about":[{"href":"https:\/\/www.picturae.be\/residence-magritte-sart-tilman\/wp-json\/wp\/v2\/types\/page"}],"author":[{"embeddable":true,"href":"https:\/\/www.picturae.be\/residence-magritte-sart-tilman\/wp-json\/wp\/v2\/users\/1"}],"replies":[{"embeddable":true,"href":"https:\/\/www.picturae.be\/residence-magritte-sart-tilman\/wp-json\/wp\/v2\/comments?post=23"}],"version-history":[{"count":13,"href":"https:\/\/www.picturae.be\/residence-magritte-sart-tilman\/wp-json\/wp\/v2\/pages\/23\/revisions"}],"predecessor-version":[{"id":667,"href":"https:\/\/www.picturae.be\/residence-magritte-sart-tilman\/wp-json\/wp\/v2\/pages\/23\/revisions\/667"}],"wp:attachment":[{"href":"https:\/\/www.picturae.be\/residence-magritte-sart-tilman\/wp-json\/wp\/v2\/media?parent=23"}],"curies":[{"name":"wp","href":"https:\/\/api.w.org\/{rel}","templated":true}]}}