{"id":21,"date":"2023-09-11T13:05:25","date_gmt":"2023-09-11T11:05:25","guid":{"rendered":"http:\/\/magritte.local\/?page_id=21"},"modified":"2023-11-30T11:21:57","modified_gmt":"2023-11-30T10:21:57","slug":"situation","status":"publish","type":"page","link":"https:\/\/www.picturae.be\/residence-magritte-sart-tilman\/situation\/","title":{"rendered":"Situation"},"content":{"rendered":"","protected":false},"excerpt":{"rendered":"","protected":false},"author":1,"featured_media":0,"parent":0,"menu_order":0,"comment_status":"closed","ping_status":"closed","template":"template-pages\/situation.php","meta":{"_acf_changed":false,"inline_featured_image":false,"footnotes":""},"class_list":["post-21","page","type-page","status-publish","hentry"],"acf":[],"yoast_head":"<!-- This site is optimized with the Yoast SEO plugin v27.6 - https:\/\/yoast.com\/product\/yoast-seo-wordpress\/ -->\n<title>Situation | R\u00e9sidence Magritte Li\u00e8ge | Appartements \u00e0 vendre Sart-Tilman<\/title>\n<meta name=\"description\" content=\"D\u00e9couvrez la situation id\u00e9ale de la r\u00e9sidence Magritte au Sart-Tilman, Li\u00e8ge. Proximit\u00e9 imm\u00e9diate de la N63 et acc\u00e8s facile \u00e0 l&#039;autoroute E25. Desserte optimale par la ligne TEC 48. \u00c0 seulement 11 min de la gare internationale des Guillemins, offrant une accessibilit\u00e9 optimale.\" \/>\n<meta name=\"robots\" content=\"index, follow, max-snippet:-1, max-image-preview:large, max-video-preview:-1\" \/>\n<link rel=\"canonical\" href=\"https:\/\/www.picturae.be\/residence-magritte-sart-tilman\/situation\/\" \/>\n<meta property=\"og:locale\" content=\"fr_FR\" \/>\n<meta property=\"og:type\" content=\"article\" \/>\n<meta property=\"og:title\" content=\"Situation | R\u00e9sidence Magritte Li\u00e8ge | Appartements \u00e0 vendre Sart-Tilman\" \/>\n<meta property=\"og:description\" content=\"D\u00e9couvrez la situation id\u00e9ale de la r\u00e9sidence Magritte au Sart-Tilman, Li\u00e8ge. Proximit\u00e9 imm\u00e9diate de la N63 et acc\u00e8s facile \u00e0 l&#039;autoroute E25. Desserte optimale par la ligne TEC 48. \u00c0 seulement 11 min de la gare internationale des Guillemins, offrant une accessibilit\u00e9 optimale.\" \/>\n<meta property=\"og:url\" content=\"https:\/\/www.picturae.be\/residence-magritte-sart-tilman\/situation\/\" \/>\n<meta property=\"og:site_name\" content=\"R\u00e9sidence Magritte Li\u00e8ge\" \/>\n<meta property=\"article:modified_time\" content=\"2023-11-30T10:21:57+00:00\" \/>\n<meta name=\"twitter:card\" content=\"summary_large_image\" \/>\n<script type=\"application\/ld+json\" class=\"yoast-schema-graph\">{\"@context\":\"https:\\\/\\\/schema.org\",\"@graph\":[{\"@type\":\"WebPage\",\"@id\":\"https:\\\/\\\/www.picturae.be\\\/residence-magritte-sart-tilman\\\/situation\\\/\",\"url\":\"https:\\\/\\\/www.picturae.be\\\/residence-magritte-sart-tilman\\\/situation\\\/\",\"name\":\"Situation | R\u00e9sidence Magritte Li\u00e8ge | Appartements \u00e0 vendre Sart-Tilman\",\"isPartOf\":{\"@id\":\"https:\\\/\\\/www.picturae.be\\\/residence-magritte-sart-tilman\\\/#website\"},\"datePublished\":\"2023-09-11T11:05:25+00:00\",\"dateModified\":\"2023-11-30T10:21:57+00:00\",\"description\":\"D\u00e9couvrez la situation id\u00e9ale de la r\u00e9sidence Magritte au Sart-Tilman, Li\u00e8ge. Proximit\u00e9 imm\u00e9diate de la N63 et acc\u00e8s facile \u00e0 l'autoroute E25. Desserte optimale par la ligne TEC 48. \u00c0 seulement 11 min de la gare internationale des Guillemins, offrant une accessibilit\u00e9 optimale.\",\"breadcrumb\":{\"@id\":\"https:\\\/\\\/www.picturae.be\\\/residence-magritte-sart-tilman\\\/situation\\\/#breadcrumb\"},\"inLanguage\":\"fr-FR\",\"potentialAction\":[{\"@type\":\"ReadAction\",\"target\":[\"https:\\\/\\\/www.picturae.be\\\/residence-magritte-sart-tilman\\\/situation\\\/\"]}]},{\"@type\":\"BreadcrumbList\",\"@id\":\"https:\\\/\\\/www.picturae.be\\\/residence-magritte-sart-tilman\\\/situation\\\/#breadcrumb\",\"itemListElement\":[{\"@type\":\"ListItem\",\"position\":1,\"name\":\"Home\",\"item\":\"https:\\\/\\\/www.picturae.be\\\/residence-magritte-sart-tilman\\\/\"},{\"@type\":\"ListItem\",\"position\":2,\"name\":\"Situation\"}]},{\"@type\":\"WebSite\",\"@id\":\"https:\\\/\\\/www.picturae.be\\\/residence-magritte-sart-tilman\\\/#website\",\"url\":\"https:\\\/\\\/www.picturae.be\\\/residence-magritte-sart-tilman\\\/\",\"name\":\"R\u00e9sidence Magritte Li\u00e8ge\",\"description\":\"\",\"potentialAction\":[{\"@type\":\"SearchAction\",\"target\":{\"@type\":\"EntryPoint\",\"urlTemplate\":\"https:\\\/\\\/www.picturae.be\\\/residence-magritte-sart-tilman\\\/?s={search_term_string}\"},\"query-input\":{\"@type\":\"PropertyValueSpecification\",\"valueRequired\":true,\"valueName\":\"search_term_string\"}}],\"inLanguage\":\"fr-FR\"}]}<\/script>\n<!-- \/ Yoast SEO plugin. -->","yoast_head_json":{"title":"Situation | R\u00e9sidence Magritte Li\u00e8ge | Appartements \u00e0 vendre Sart-Tilman","description":"D\u00e9couvrez la situation id\u00e9ale de la r\u00e9sidence Magritte au Sart-Tilman, Li\u00e8ge. Proximit\u00e9 imm\u00e9diate de la N63 et acc\u00e8s facile \u00e0 l'autoroute E25. Desserte optimale par la ligne TEC 48. \u00c0 seulement 11 min de la gare internationale des Guillemins, offrant une accessibilit\u00e9 optimale.","robots":{"index":"index","follow":"follow","max-snippet":"max-snippet:-1","max-image-preview":"max-image-preview:large","max-video-preview":"max-video-preview:-1"},"canonical":"https:\/\/www.picturae.be\/residence-magritte-sart-tilman\/situation\/","og_locale":"fr_FR","og_type":"article","og_title":"Situation | R\u00e9sidence Magritte Li\u00e8ge | Appartements \u00e0 vendre Sart-Tilman","og_description":"D\u00e9couvrez la situation id\u00e9ale de la r\u00e9sidence Magritte au Sart-Tilman, Li\u00e8ge. Proximit\u00e9 imm\u00e9diate de la N63 et acc\u00e8s facile \u00e0 l'autoroute E25. Desserte optimale par la ligne TEC 48. \u00c0 seulement 11 min de la gare internationale des Guillemins, offrant une accessibilit\u00e9 optimale.","og_url":"https:\/\/www.picturae.be\/residence-magritte-sart-tilman\/situation\/","og_site_name":"R\u00e9sidence Magritte Li\u00e8ge","article_modified_time":"2023-11-30T10:21:57+00:00","twitter_card":"summary_large_image","schema":{"@context":"https:\/\/schema.org","@graph":[{"@type":"WebPage","@id":"https:\/\/www.picturae.be\/residence-magritte-sart-tilman\/situation\/","url":"https:\/\/www.picturae.be\/residence-magritte-sart-tilman\/situation\/","name":"Situation | R\u00e9sidence Magritte Li\u00e8ge | Appartements \u00e0 vendre Sart-Tilman","isPartOf":{"@id":"https:\/\/www.picturae.be\/residence-magritte-sart-tilman\/#website"},"datePublished":"2023-09-11T11:05:25+00:00","dateModified":"2023-11-30T10:21:57+00:00","description":"D\u00e9couvrez la situation id\u00e9ale de la r\u00e9sidence Magritte au Sart-Tilman, Li\u00e8ge. Proximit\u00e9 imm\u00e9diate de la N63 et acc\u00e8s facile \u00e0 l'autoroute E25. Desserte optimale par la ligne TEC 48. \u00c0 seulement 11 min de la gare internationale des Guillemins, offrant une accessibilit\u00e9 optimale.","breadcrumb":{"@id":"https:\/\/www.picturae.be\/residence-magritte-sart-tilman\/situation\/#breadcrumb"},"inLanguage":"fr-FR","potentialAction":[{"@type":"ReadAction","target":["https:\/\/www.picturae.be\/residence-magritte-sart-tilman\/situation\/"]}]},{"@type":"BreadcrumbList","@id":"https:\/\/www.picturae.be\/residence-magritte-sart-tilman\/situation\/#breadcrumb","itemListElement":[{"@type":"ListItem","position":1,"name":"Home","item":"https:\/\/www.picturae.be\/residence-magritte-sart-tilman\/"},{"@type":"ListItem","position":2,"name":"Situation"}]},{"@type":"WebSite","@id":"https:\/\/www.picturae.be\/residence-magritte-sart-tilman\/#website","url":"https:\/\/www.picturae.be\/residence-magritte-sart-tilman\/","name":"R\u00e9sidence Magritte Li\u00e8ge","description":"","potentialAction":[{"@type":"SearchAction","target":{"@type":"EntryPoint","urlTemplate":"https:\/\/www.picturae.be\/residence-magritte-sart-tilman\/?s={search_term_string}"},"query-input":{"@type":"PropertyValueSpecification","valueRequired":true,"valueName":"search_term_string"}}],"inLanguage":"fr-FR"}]}},"_links":{"self":[{"href":"https:\/\/www.picturae.be\/residence-magritte-sart-tilman\/wp-json\/wp\/v2\/pages\/21","targetHints":{"allow":["GET"]}}],"collection":[{"href":"https:\/\/www.picturae.be\/residence-magritte-sart-tilman\/wp-json\/wp\/v2\/pages"}],"about":[{"href":"https:\/\/www.picturae.be\/residence-magritte-sart-tilman\/wp-json\/wp\/v2\/types\/page"}],"author":[{"embeddable":true,"href":"https:\/\/www.picturae.be\/residence-magritte-sart-tilman\/wp-json\/wp\/v2\/users\/1"}],"replies":[{"embeddable":true,"href":"https:\/\/www.picturae.be\/residence-magritte-sart-tilman\/wp-json\/wp\/v2\/comments?post=21"}],"version-history":[{"count":13,"href":"https:\/\/www.picturae.be\/residence-magritte-sart-tilman\/wp-json\/wp\/v2\/pages\/21\/revisions"}],"predecessor-version":[{"id":665,"href":"https:\/\/www.picturae.be\/residence-magritte-sart-tilman\/wp-json\/wp\/v2\/pages\/21\/revisions\/665"}],"wp:attachment":[{"href":"https:\/\/www.picturae.be\/residence-magritte-sart-tilman\/wp-json\/wp\/v2\/media?parent=21"}],"curies":[{"name":"wp","href":"https:\/\/api.w.org\/{rel}","templated":true}]}}